{"id":1415,"date":"2024-12-15T09:41:00","date_gmt":"2024-12-15T09:41:00","guid":{"rendered":"https:\/\/butterflieseducation.com\/home\/"},"modified":"2025-01-30T17:27:17","modified_gmt":"2025-01-30T17:27:17","slug":"home","status":"publish","type":"page","link":"https:\/\/butterflieseducation.com\/pt-pt\/home\/","title":{"rendered":"Home"},"content":{"rendered":"<section class=\"l-section wpb_row height_small\"><div class=\"l-section-h i-cf\"><div class=\"g-cols vc_row via_grid cols_1 laptops-cols_inherit tablets-cols_inherit mobiles-cols_1 valign_top type_default stacking_default\"><div class=\"wpb_column vc_column_container\"><div class=\"vc_column-inner\"><div class=\"g-cols wpb_row via_grid cols_4 laptops-cols_2 tablets-cols_2 mobiles-cols_1 valign_top type_default stacking_default\" style=\"--gap:3rem;\"><div class=\"wpb_column vc_column_container\"><div class=\"vc_column-inner\"><div class=\"w-image us_custom_050e04ea us_animate_this align_none\"><div class=\"w-image-h\"><img decoding=\"async\" width=\"768\" height=\"1024\" src=\"https:\/\/butterflieseducation.com\/wp-content\/uploads\/2024\/08\/img-butterflies-empowering-education-19.webp\" class=\"attachment-large size-large\" alt=\"\" loading=\"lazy\" srcset=\"https:\/\/butterflieseducation.com\/wp-content\/uploads\/2024\/08\/img-butterflies-empowering-education-19.webp 768w, https:\/\/butterflieseducation.com\/wp-content\/uploads\/2024\/08\/img-butterflies-empowering-education-19-225x300.webp 225w\" sizes=\"auto, (max-width: 768px) 100vw, 768px\" \/><\/div><\/div><\/div><\/div><div class=\"wpb_column vc_column_container hide_on_tablets hide_on_mobiles\"><div class=\"vc_column-inner\"><div class=\"w-image us_custom_987a86fa us_animate_this align_none\"><div class=\"w-image-h\"><img decoding=\"async\" width=\"768\" height=\"1024\" src=\"https:\/\/butterflieseducation.com\/wp-content\/uploads\/2024\/08\/img-butterflies-empowering-education-15-768x1024.webp\" class=\"attachment-large size-large\" alt=\"\" loading=\"lazy\" srcset=\"https:\/\/butterflieseducation.com\/wp-content\/uploads\/2024\/08\/img-butterflies-empowering-education-15-768x1024.webp 768w, https:\/\/butterflieseducation.com\/wp-content\/uploads\/2024\/08\/img-butterflies-empowering-education-15-225x300.webp 225w, https:\/\/butterflieseducation.com\/wp-content\/uploads\/2024\/08\/img-butterflies-empowering-education-15.webp 800w\" sizes=\"auto, (max-width: 768px) 100vw, 768px\" \/><\/div><\/div><\/div><\/div><div class=\"wpb_column vc_column_container\"><div class=\"vc_column-inner\"><div class=\"w-image us_custom_7dec1d39 us_animate_this align_none\"><div class=\"w-image-h\"><img decoding=\"async\" width=\"768\" height=\"1024\" src=\"https:\/\/butterflieseducation.com\/wp-content\/uploads\/2024\/08\/img-butterflies-empowering-education-4.webp\" class=\"attachment-large size-large\" alt=\"\" loading=\"lazy\" srcset=\"https:\/\/butterflieseducation.com\/wp-content\/uploads\/2024\/08\/img-butterflies-empowering-education-4.webp 768w, https:\/\/butterflieseducation.com\/wp-content\/uploads\/2024\/08\/img-butterflies-empowering-education-4-225x300.webp 225w\" sizes=\"auto, (max-width: 768px) 100vw, 768px\" \/><\/div><\/div><\/div><\/div><div class=\"wpb_column vc_column_container hide_on_tablets hide_on_mobiles\"><div class=\"vc_column-inner\"><div class=\"w-image us_custom_79144257 us_animate_this align_none\"><div class=\"w-image-h\"><img decoding=\"async\" width=\"800\" height=\"1000\" src=\"https:\/\/butterflieseducation.com\/wp-content\/uploads\/2024\/08\/img-butterflies-empowering-education-7.webp\" class=\"attachment-large size-large\" alt=\"\" loading=\"lazy\" srcset=\"https:\/\/butterflieseducation.com\/wp-content\/uploads\/2024\/08\/img-butterflies-empowering-education-7.webp 800w, https:\/\/butterflieseducation.com\/wp-content\/uploads\/2024\/08\/img-butterflies-empowering-education-7-240x300.webp 240w, https:\/\/butterflieseducation.com\/wp-content\/uploads\/2024\/08\/img-butterflies-empowering-education-7-768x960.webp 768w\" sizes=\"auto, (max-width: 800px) 100vw, 800px\" \/><\/div><\/div><\/div><\/div><\/div><\/div><\/div><\/div><\/div><\/section><section class=\"l-section wpb_row us_custom_4753d962 height_small\"><div class=\"l-section-h i-cf\"><div class=\"g-cols vc_row via_grid cols_1 laptops-cols_inherit tablets-cols_inherit mobiles-cols_1 valign_top type_default stacking_default\"><div class=\"wpb_column vc_column_container us_custom_d9070101\"><div class=\"vc_column-inner\"><div class=\"w-image us_custom_220d5125 has_height align_center\"><div class=\"w-image-h\"><img decoding=\"async\" width=\"1200\" height=\"964\" src=\"https:\/\/butterflieseducation.com\/wp-content\/uploads\/2024\/12\/Butterflies_Anima_01E-1-resize.gif\" class=\"attachment-full size-full\" alt=\"\" loading=\"lazy\" \/><\/div><\/div><\/div><\/div><\/div><\/div><\/section><section class=\"l-section wpb_row us_custom_25b6d042 height_medium\"><div class=\"l-section-h i-cf\"><div class=\"g-cols vc_row via_grid cols_1 laptops-cols_inherit tablets-cols_inherit mobiles-cols_1 valign_top type_default stacking_default\"><div class=\"wpb_column vc_column_container\"><div class=\"vc_column-inner\"><div class=\"w-image us_custom_40b5298c has_height align_none\"><div class=\"w-image-h\"><img decoding=\"async\" width=\"616\" height=\"616\" src=\"https:\/\/butterflieseducation.com\/wp-content\/uploads\/2024\/08\/Frame-1.png\" class=\"attachment-large size-large\" alt=\"\" loading=\"lazy\" srcset=\"https:\/\/butterflieseducation.com\/wp-content\/uploads\/2024\/08\/Frame-1.png 616w, https:\/\/butterflieseducation.com\/wp-content\/uploads\/2024\/08\/Frame-1-300x300.png 300w, https:\/\/butterflieseducation.com\/wp-content\/uploads\/2024\/08\/Frame-1-150x150.png 150w\" sizes=\"auto, (max-width: 616px) 100vw, 616px\" \/><\/div><\/div><div class=\"g-cols wpb_row us_custom_2a0a8338 via_grid cols_2 laptops-cols_2 tablets-cols_1 mobiles-cols_1 valign_top type_default stacking_default\" style=\"--gap:3rem;\"><div class=\"wpb_column vc_column_container\"><div class=\"vc_column-inner\">[vc_custom_heading text=&#8221;Uma escola bilingue de n\u00edvel internacional&#8221; font_container=&#8221;tag:h2|text_align:left|color:%23DB6F3F&#8221; use_theme_fonts=&#8221;yes&#8221; el_class=&#8221;top-separator&#8221;]<\/div><\/div><div class=\"wpb_column vc_column_container\"><div class=\"vc_column-inner\"><div class=\"wpb_text_column\"><div class=\"wpb_wrapper\"><p style=\"font-weight: 400;\"><span>Encontrar a escola certa para o seu filho, na zona certa, \u00e9 da maior import\u00e2ncia. Saber que o seu filho \u00e9 bem recebido, desafiado e feliz s\u00e3o considera\u00e7\u00f5es fundamentais para muitos pais quando escolhem uma escola.<\/span><\/p>\n<p style=\"font-weight: 400;\"><span>No col\u00e9gio Butterflies inspiramos cada crian\u00e7a a pensar de forma criativa e a desenvolver a sua independ\u00eancia atrav\u00e9s das nossas atividades di\u00e1rias e valores fundamentais.<\/span><\/p>\n<\/div><\/div><\/div><\/div><\/div><\/div><\/div><\/div><\/div><\/section><section class=\"l-section wpb_row us_custom_8b8986b7 height_medium\"><div class=\"l-section-h i-cf\"><div class=\"g-cols vc_row via_grid cols_1 laptops-cols_inherit tablets-cols_inherit mobiles-cols_1 valign_top type_default stacking_default\"><div class=\"wpb_column vc_column_container\"><div class=\"vc_column-inner\"><div class=\"w-image us_custom_9f78c1bd has_height align_none\"><div class=\"w-image-h\"><img decoding=\"async\" width=\"616\" height=\"616\" src=\"https:\/\/butterflieseducation.com\/wp-content\/uploads\/2024\/08\/Frame-1.png\" class=\"attachment-large size-large\" alt=\"\" loading=\"lazy\" srcset=\"https:\/\/butterflieseducation.com\/wp-content\/uploads\/2024\/08\/Frame-1.png 616w, https:\/\/butterflieseducation.com\/wp-content\/uploads\/2024\/08\/Frame-1-300x300.png 300w, https:\/\/butterflieseducation.com\/wp-content\/uploads\/2024\/08\/Frame-1-150x150.png 150w\" sizes=\"auto, (max-width: 616px) 100vw, 616px\" \/><\/div><\/div><div class=\"g-cols wpb_row us_custom_2a0a8338 via_grid cols_2 laptops-cols_2 tablets-cols_1 mobiles-cols_1 valign_top type_default stacking_default\" style=\"--gap:3rem;\"><div class=\"wpb_column vc_column_container us_custom_2a0a8338\"><div class=\"vc_column-inner\">[vc_custom_heading text=&#8221;O Col\u00e9gio &#8221; font_container=&#8221;tag:h3|text_align:left|color:%2357738D&#8221; use_theme_fonts=&#8221;yes&#8221; el_class=&#8221;blau-title&#8221;]<div class=\"wpb_text_column\"><div class=\"wpb_wrapper\"><p style=\"font-weight: 400;\"><span>O Butterflies est\u00e1 situado na Quinta da Beloura, no sop\u00e9 da Serra de Sintra. O campus est\u00e1 instalado num edif\u00edcio moderno, com fachada de vidro, que se harmoniza com o seu envolvente natural. Al\u00e9m disso, temos uma grande \u00e1rea de recreio exterior que complementa o nosso espa\u00e7o de 3.000m<sup>2<\/sup>, oferecendo um amplo espa\u00e7o para atividades de aprendizagem e atividades recreativas.<\/span><\/p>\n<\/div><\/div><\/div><\/div><div class=\"wpb_column vc_column_container\"><div class=\"vc_column-inner\">[vc_custom_heading text=&#8221;Sobre n\u00f3s&#8221; font_container=&#8221;tag:h3|text_align:left|color:%23C38981&#8243; use_theme_fonts=&#8221;yes&#8221; el_class=&#8221;orange-title&#8221;]<div class=\"wpb_text_column\"><div class=\"wpb_wrapper\"><div class=\"elementor-element elementor-element-1a1d8143 elementor-widget elementor-widget-icon-box animated fadeInUp\" data-id=\"1a1d8143\" data-element_type=\"widget\" data-settings=\"{&quot;_animation&quot;:&quot;fadeInUp&quot;}\" data-widget_type=\"icon-box.default\">\n<div class=\"elementor-widget-container\">\n<div class=\"elementor-icon-box-wrapper\">\n<div class=\"elementor-icon-box-content\">\n<p style=\"font-weight: 400;\"><span>Ao integrar os melhores elementos de v\u00e1rias abordagens pedag\u00f3gicas, desenvolvemos o que acreditamos ser um programa educacional excelente. As atividades s\u00e3o implementadas em ingl\u00eas e portugu\u00eas. Esta abordagem bilingue garante que os nossos alunos, para al\u00e9m de alcan\u00e7arem o sucesso acad\u00e9mico, desenvolvem uma ampla compreens\u00e3o de diferentes culturas.<\/span><\/p>\n<\/div>\n<\/div>\n<\/div>\n<\/div>\n<\/div><\/div><\/div><\/div><\/div><\/div><\/div><\/div><\/div><\/section><section class=\"l-section wpb_row height_small\"><div class=\"l-section-h i-cf\"><div class=\"g-cols vc_row via_grid cols_2 laptops-cols_2 tablets-cols_1 mobiles-cols_1 valign_middle type_default stacking_default\"><div class=\"wpb_column vc_column_container us_custom_be70c16f\"><div class=\"vc_column-inner\"><div class=\"w-image us_custom_67b9e39f align_none\"><div class=\"w-image-h\"><img decoding=\"async\" width=\"83\" height=\"109\" src=\"https:\/\/butterflieseducation.com\/wp-content\/uploads\/2024\/08\/img-ilustracao-3.png\" class=\"attachment-large size-large\" alt=\"\" loading=\"lazy\" \/><\/div><\/div>[vc_custom_heading text=&#8221;Viver os valores que ensinamos&#8221; font_container=&#8221;tag:h2|font_size:56|text_align:left|color:%23DB6F3F&#8221; use_theme_fonts=&#8221;yes&#8221;]<div class=\"wpb_text_column\"><div class=\"wpb_wrapper\"><p style=\"font-weight: 400;\"><span>Incentivar as crian\u00e7as a passarem tempo ao ar livre e a alimentarem a sua criatividade, n\u00e3o s\u00f3 desenvolve as suas capacidades cognitivas e motoras, como tamb\u00e9m estimula um sentimento de admira\u00e7\u00e3o e cuidado pelo mundo que as rodeia. Al\u00e9m disso, \u00e9 simplesmente divertido!<\/span><\/p>\n<\/div><\/div><\/div><\/div><div class=\"wpb_column vc_column_container\"><div class=\"vc_column-inner\"><div class=\"w-image align_none\"><div class=\"w-image-h\"><img decoding=\"async\" width=\"1018\" height=\"1024\" src=\"https:\/\/butterflieseducation.com\/wp-content\/uploads\/2024\/08\/img-1018x1024.png\" class=\"attachment-large size-large\" alt=\"\" loading=\"lazy\" srcset=\"https:\/\/butterflieseducation.com\/wp-content\/uploads\/2024\/08\/img-1018x1024.png 1018w, https:\/\/butterflieseducation.com\/wp-content\/uploads\/2024\/08\/img-298x300.png 298w, https:\/\/butterflieseducation.com\/wp-content\/uploads\/2024\/08\/img-150x150.png 150w, https:\/\/butterflieseducation.com\/wp-content\/uploads\/2024\/08\/img-768x773.png 768w, https:\/\/butterflieseducation.com\/wp-content\/uploads\/2024\/08\/img.png 1459w\" sizes=\"auto, (max-width: 1018px) 100vw, 1018px\" \/><\/div><\/div><\/div><\/div><\/div><\/div><\/section><section class=\"l-section wpb_row us_custom_a50f9279 height_medium\"><div class=\"l-section-h i-cf\"><div class=\"g-cols vc_row via_grid cols_1 laptops-cols_inherit tablets-cols_inherit mobiles-cols_1 valign_top type_default stacking_default\"><div class=\"wpb_column vc_column_container\"><div class=\"vc_column-inner\"><div class=\"wpb_text_column\"><div class=\"wpb_wrapper\"><p style=\"text-align: center;\"><strong>Testemunhos<\/strong><\/p>\n<\/div><\/div>[vc_custom_heading text=&#8221;O que pensam os pais&#8221; font_container=&#8221;tag:h2|font_size:44|text_align:center|color:%23DB6F3F&#8221; use_theme_fonts=&#8221;yes&#8221; el_class=&#8221;bott-center-separator&#8221;]<div class=\"w-content-carousel items_1 testimonials-wrap\"><div class=\"owl-carousel valign_stretch dotstyle_circle navstyle_circle navpos_outside owl-responsive-2000\" style=\"--items-gap:30px;--transition-duration:550ms;\" onclick=\"return {&quot;aria_labels&quot;:{&quot;prev&quot;:&quot;Anterior&quot;,&quot;next&quot;:&quot;Seguinte&quot;},&quot;autoplayContinual&quot;:false,&quot;autoplayHoverPause&quot;:true,&quot;autoplayTimeout&quot;:5000,&quot;smartSpeed&quot;:550,&quot;margin&quot;:30,&quot;mouseDrag&quot;:true,&quot;rtl&quot;:false,&quot;slideBy&quot;:&quot;1&quot;,&quot;touchDrag&quot;:true,&quot;slideTransition&quot;:&quot;&quot;,&quot;responsive&quot;:{&quot;0&quot;:{&quot;autoHeight&quot;:false,&quot;autoplay&quot;:false,&quot;autoWidth&quot;:false,&quot;center&quot;:false,&quot;dots&quot;:false,&quot;items&quot;:1,&quot;loop&quot;:false,&quot;nav&quot;:false,&quot;stagePadding&quot;:0},&quot;601&quot;:{&quot;autoHeight&quot;:false,&quot;autoplay&quot;:true,&quot;autoWidth&quot;:false,&quot;center&quot;:false,&quot;dots&quot;:false,&quot;items&quot;:1,&quot;loop&quot;:true,&quot;nav&quot;:false,&quot;stagePadding&quot;:0}}}\"><div class=\"wpb_text_column\"><div class=\"wpb_wrapper\"><div class=\"testi-text\"><span> \u201cWe have been with Butterflies for over a year and we love it. The teachers and owners have been so supportive and have helped my daughter to grow with confidence. Its a kind and nurturing place that feels like a second home&#8221;<\/span><\/div>\n<div class=\"testi-name\"><strong>M\u00e3e da Emily<\/strong><\/div>\n<\/div><\/div><div class=\"wpb_text_column\"><div class=\"wpb_wrapper\"><div class=\"testi-text\"><span>&#8220;We were lucky to find you last year, because your centre has opened Leia&#8217;s heart and shown her that kindergarten can be interesting, fun and warm. I don&#8217;t remember a day when she didn&#8217;t want to come to your school.&#8221;<\/span><\/div>\n<div class=\"testi-name\"><strong>M\u00e3e da Leia<\/strong><\/div>\n<\/div><\/div><\/div><\/div><\/div><\/div><\/div><\/div><\/section><section class=\"l-section wpb_row us_custom_fef09d3e height_medium\"><div class=\"l-section-h i-cf\"><div class=\"g-cols vc_row via_grid cols_1 laptops-cols_inherit tablets-cols_inherit mobiles-cols_1 valign_top type_default stacking_default\"><div class=\"wpb_column vc_column_container\"><div class=\"vc_column-inner\">[vc_custom_heading text=&#8221;Documentos&#8221; font_container=&#8221;tag:h4|font_size:32|text_align:center|color:%23FFFFFF&#8221; use_theme_fonts=&#8221;yes&#8221; css=&#8221;%7B%22default%22%3A%7B%22margin-bottom%22%3A%2220px%22%7D%7D&#8221;]<div class=\"g-cols wpb_row via_grid cols_3 laptops-cols_3 tablets-cols_1 mobiles-cols_1 valign_top type_default stacking_default\" style=\"--gap:3rem;\"><div class=\"wpb_column vc_column_container us_custom_eb849559\"><div class=\"vc_column-inner\"><div class=\"w-image us_custom_d055fd1c align_none\"><a href=\"https:\/\/butterflieseducation.com\/wp-content\/uploads\/2025\/01\/BUTTERFLIES-RULES-AND-REGULATIONS-2024-25-v2_04_24.pdf\" aria-label=\"img-footer-downloads-3\" class=\"w-image-h\"><img decoding=\"async\" width=\"400\" height=\"268\" src=\"https:\/\/butterflieseducation.com\/wp-content\/uploads\/2024\/07\/img-footer-downloads-3.jpg\" class=\"attachment-large size-large\" alt=\"\" loading=\"lazy\" srcset=\"https:\/\/butterflieseducation.com\/wp-content\/uploads\/2024\/07\/img-footer-downloads-3.jpg 400w, https:\/\/butterflieseducation.com\/wp-content\/uploads\/2024\/07\/img-footer-downloads-3-300x201.jpg 300w\" sizes=\"auto, (max-width: 400px) 100vw, 400px\" \/><\/a><\/div><\/div><\/div><div class=\"wpb_column vc_column_container us_custom_eb849559\"><div class=\"vc_column-inner\"><div class=\"w-image us_custom_e8964f7b align_none\"><a href=\"https:\/\/butterflieseducation.com\/wp-content\/uploads\/2025\/01\/social-responsibility.pdf\" aria-label=\"img-footer-downloads-2\" class=\"w-image-h\"><img decoding=\"async\" width=\"400\" height=\"268\" src=\"https:\/\/butterflieseducation.com\/wp-content\/uploads\/2024\/07\/img-footer-downloads-2.jpg\" class=\"attachment-large size-large\" alt=\"\" loading=\"lazy\" srcset=\"https:\/\/butterflieseducation.com\/wp-content\/uploads\/2024\/07\/img-footer-downloads-2.jpg 400w, https:\/\/butterflieseducation.com\/wp-content\/uploads\/2024\/07\/img-footer-downloads-2-300x201.jpg 300w\" sizes=\"auto, (max-width: 400px) 100vw, 400px\" \/><\/a><\/div><\/div><\/div><div class=\"wpb_column vc_column_container us_custom_eb849559\"><div class=\"vc_column-inner\"><div class=\"w-image us_custom_e8964f7b align_none\"><a href=\"https:\/\/butterflieseducation.com\/wp-content\/uploads\/2025\/01\/Enrolment-Form-v1-2024_25.pdf\" aria-label=\"img-footer-downloads-1\" class=\"w-image-h\"><img decoding=\"async\" width=\"400\" height=\"268\" src=\"https:\/\/butterflieseducation.com\/wp-content\/uploads\/2024\/07\/img-footer-downloads-1.jpg\" class=\"attachment-large size-large\" alt=\"\" loading=\"lazy\" srcset=\"https:\/\/butterflieseducation.com\/wp-content\/uploads\/2024\/07\/img-footer-downloads-1.jpg 400w, https:\/\/butterflieseducation.com\/wp-content\/uploads\/2024\/07\/img-footer-downloads-1-300x201.jpg 300w\" sizes=\"auto, (max-width: 400px) 100vw, 400px\" \/><\/a><\/div><\/div><\/div><\/div><\/div><\/div><\/div><\/div><\/section>\n","protected":false},"excerpt":{"rendered":"[vc_custom_heading text=\"Uma escola bilingue de n\u00edvel internacional\" font_container=\"tag:h2|text_align:left|color:%23DB6F3F\" use_theme_fonts=\"yes\" el_class=\"top-separator\"]Encontrar a escola certa para o seu filho, na zona certa, \u00e9 da maior import\u00e2ncia. Saber que o seu filho \u00e9 bem recebido, desafiado e feliz s\u00e3o considera\u00e7\u00f5es fundamentais para muitos pais quando escolhem uma escola. No col\u00e9gio Butterflies inspiramos cada crian\u00e7a a pensar de forma...","protected":false},"author":1,"featured_media":0,"parent":0,"menu_order":0,"comment_status":"closed","ping_status":"closed","template":"","meta":{"footnotes":""},"class_list":["post-1415","page","type-page","status-publish","hentry"],"_links":{"self":[{"href":"https:\/\/butterflieseducation.com\/pt-pt\/wp-json\/wp\/v2\/pages\/1415","targetHints":{"allow":["GET"]}}],"collection":[{"href":"https:\/\/butterflieseducation.com\/pt-pt\/wp-json\/wp\/v2\/pages"}],"about":[{"href":"https:\/\/butterflieseducation.com\/pt-pt\/wp-json\/wp\/v2\/types\/page"}],"author":[{"embeddable":true,"href":"https:\/\/butterflieseducation.com\/pt-pt\/wp-json\/wp\/v2\/users\/1"}],"replies":[{"embeddable":true,"href":"https:\/\/butterflieseducation.com\/pt-pt\/wp-json\/wp\/v2\/comments?post=1415"}],"version-history":[{"count":2,"href":"https:\/\/butterflieseducation.com\/pt-pt\/wp-json\/wp\/v2\/pages\/1415\/revisions"}],"predecessor-version":[{"id":1417,"href":"https:\/\/butterflieseducation.com\/pt-pt\/wp-json\/wp\/v2\/pages\/1415\/revisions\/1417"}],"wp:attachment":[{"href":"https:\/\/butterflieseducation.com\/pt-pt\/wp-json\/wp\/v2\/media?parent=1415"}],"curies":[{"name":"wp","href":"https:\/\/api.w.org\/{rel}","templated":true}]}}